{"id":384,"date":"2025-01-19T22:43:50","date_gmt":"2025-01-19T22:43:50","guid":{"rendered":"https:\/\/tatcmurcia.com\/nosotros\/"},"modified":"2025-03-07T17:19:40","modified_gmt":"2025-03-07T17:19:40","slug":"nosotros","status":"publish","type":"page","link":"https:\/\/tatcmurcia.com\/en\/nosotros\/","title":{"rendered":"Nosotros"},"content":{"rendered":"<section class=\"header_about_ecommerce_curvy1_1_2 background-1-light\" id=\"\" data-block-id=\"69e18d58717b469e18d58717b5\" data-block-name=\"acf\/header-about-ecommerce-curvy1-1-2\" data-post-id=\"384\" data-stable-id=\"block_466ee983e69c3415591753d27c4bed28\">\r\n    <div class=\"container\">\r\n        <div class=\"row\">\r\n            <div class=\"col col-titulo\">\r\n                                <h1 class=\"tamano1 color-1-headings-dark\">Gesti\u00f3n Inmobiliaria L\u00edder en Espa\u00f1a | Rentabilidad Segura Mensual<\/h1>\r\n                                                <div class=\"texto tamano-7-mediumcta color-1-body-dark\">Habitaciones destacadas y seguras en TATC Living Murcia<\/div>\r\n                            <\/div>\r\n            <div class=\"col col-imagen\">\r\n                                <div class=\"imagen\" aria-label=\"\"\r\n                    style=\"background-image:url('');\">\r\n                                        <\/div>\r\n                <\/div>\r\n            <\/div>\r\n        <\/div>\r\n<\/section>\r\n<style>\r\n    .header_about_ecommerce_curvy1_1_2:after {\r\n        content: \"\";\r\n        background: var(--background-1-dark);\r\n        width: 100%;\r\n        bottom: -1px;\r\n        left: 0;\r\n        height: 300px;\r\n        position: absolute;\r\n        z-index: 0;\r\n    }\r\n\r\n    .header_about_ecommerce_curvy1_1_2 .col-imagen .imagen {\r\n        height: 737px;\r\n        background-position: center;\r\n        background-repeat: no-repeat;\r\n        border-radius: 30px;\r\n        background-size: cover;\r\n    }\r\n    \r\n    .header_about_ecommerce_curvy1_1_2 {\r\n        padding-top: 260px;\r\n        position: relative;\r\n        padding-bottom: 40px;\r\n    }\r\n\r\n    .header_about_ecommerce_curvy1_1_2 .texto * {\r\n        padding-bottom: 15px;\r\n    }\r\n\r\n    .header_about_ecommerce_curvy1_1_2 .col-imagen {\r\n        margin-top: 125px;\r\n    }\r\n\r\n    .header_about_ecommerce_curvy1_1_2 .texto *:last-child {\r\n        padding-bottom: 0;\r\n    }\r\n\r\n    .header_about_ecommerce_curvy1_1_2 .container {\r\n        position: relative;\r\n        z-index: 1;\r\n    }\r\n\r\n    .header_about_ecommerce_curvy1_1_2 .col-titulo {\r\n        max-width: 1250px;\r\n        margin: 0 auto;\r\n        text-align: center;\r\n    }\r\n\r\n    .header_about_ecommerce_curvy1_1_2 .btn-round {\r\n        border-radius: 60px;\r\n        \/* background: var(--color-boton-3-normal);*\/\r\n        padding: 12px 25px;\r\n        \/*color: var(--color-boton-3-texto-normal);*\/\r\n        display: inline-block;\r\n        min-width: 175px;\r\n        text-align: center;\r\n        text-decoration: none;\r\n    }\r\n    \r\n    .header_about_ecommerce_curvy1_1_2 h1 {\r\n        padding-bottom: 20px;\r\n        max-width: 1205px;\r\n    }\r\n\r\n    @media (max-width:1350px) {\r\n        .header_about_ecommerce_curvy1_1_2 .col-imagen .imagen {\r\n            height: 620px;\r\n        }\r\n    }\r\n\r\n    @media (max-width:1200px) {\r\n        .header_about_ecommerce_curvy1_1_2 .col-imagen .imagen {\r\n            height: 540px;\r\n        }\r\n\r\n        .header_about_ecommerce_curvy1_1_2 {\r\n            padding-top: 180px;\r\n        }\r\n\r\n        .header_about_ecommerce_curvy1_1_2 .col-imagen {\r\n            margin-top: 100px;\r\n        }\r\n    }\r\n\r\n    @media (max-width:992px) {\r\n        .header_about_ecommerce_curvy1_1_2 .col-imagen .imagen {\r\n            height: 450px;\r\n        }\r\n    }\r\n\r\n    @media (max-width:768px) {\r\n        .header_about_ecommerce_curvy1_1_2 .col-imagen .imagen {\r\n            height: 350px;\r\n        }\r\n\r\n        .header_about_ecommerce_curvy1_1_2:after {\r\n            height: 215px;\r\n        }\r\n\r\n        .header_about_ecommerce_curvy1_1_2 {\r\n            padding-top: 100px;\r\n        }\r\n\r\n        .header_about_ecommerce_curvy1_1_2 h1 {\r\n            padding: 35px 0 25px;\r\n            line-height: var(--tamano3-line-height);\r\n        }\r\n\r\n        .header_about_ecommerce_curvy1_1_2 .texto {\r\n            padding-bottom: 20px;\r\n        }\r\n\r\n        .header_about_ecommerce_curvy1_1_2 .col-imagen {\r\n            margin-top: 60px;\r\n        }\r\n    }\r\n\r\n    @media (max-width:575px) {\r\n        .header_about_ecommerce_curvy1_1_2 .col-imagen .imagen {\r\n            height: 275px;\r\n        }\r\n    }\r\n<\/style>\r\n\n\n<section class=\"about_ecommerce_curvy1_1_2 background-1-dark\" data-block-id=\"69e18d587322569e18d5873226\" data-block-name=\"acf\/about-ecommerce-curvy1-1-2\" data-post-id=\"384\" data-stable-id=\"block_6c14a3f10e2afef0d390ec9035832f5c\">\r\n    <div class=\"container\">\r\n        <div class=\"row\">\r\n            <div class=\"col col-titulo\">\r\n                                <h2 class=\"titulo tamano3 color-2-headings-light\"><span class=\"ez-toc-section\" id=\"Descubre_la_Gestion_Inmobiliaria_Lider_en_Espana_con_TATC_Living_Murcia\"><\/span>Descubre la Gesti\u00f3n Inmobiliaria L\u00edder en Espa\u00f1a con TATC Living Murcia<span class=\"ez-toc-section-end\"><\/span><\/h2>\r\n                            <\/div>\r\n            <div class=\"col col-down\">\r\n                \r\n                    <div class=\"textos\">\r\n                                                    <div class=\"texto color-2-body-light tamano7\"><p>En TATC Living Murcia, nos especializamos en transformar la gesti\u00f3n inmobiliaria en una experiencia segura y eficiente. Como l\u00edderes en toda Espa\u00f1a, nos aseguramos de que cada propiedad que gestionamos reciba el m\u00e1s alto nivel de atenci\u00f3n. Nos encargamos de todos los procesos necesarios para que los propietarios reciban su pago mensual con la m\u00e1xima seguridad y tranquilidad. Nuestro compromiso es brindar un servicio que combine profesionalismo y proximidad, garantizando que los propietarios conf\u00eden en nosotros para cuidar de sus inversiones.<\/p>\n<\/div>\r\n                        \r\n                        \r\n                                                    <div class=\"texto color-2-body-light tamano7\"><p>Adem\u00e1s de gestionar propiedades, en TATC Living Murcia nos destacamos por ofrecer habitaciones de calidad insuperable para inquilinos. Entendemos que buscar un lugar donde vivir es crucial, por eso garantizamos que cada espacio ofrecido cumpla con altos est\u00e1ndares de confort y seguridad. Con nuestra experiencia en el sector inmobiliario, ponemos a disposici\u00f3n de los inquilinos las mejores opciones del mercado, asegurando siempre una relaci\u00f3n armoniosa entre inquilinos y propietarios. \u00danete a nosotros y descubre por qu\u00e9 somos la elecci\u00f3n preferida en gesti\u00f3n de inmuebles.<\/p>\n<\/div>\r\n                                            <\/div>\r\n\r\n                                        <div class=\"vermas tamano7 boton-4-texto-normal\">\r\n                        <span class=\"mas tamano7 boton-4-texto-normal\">Read more<\/span>\r\n                        <span class=\"menos hide tamano7 boton-4-texto-normal\">Read less<\/span>\r\n                        <svg width=\"13\" height=\"8\" viewBox=\"0 0 13 8\" fill=\"none\" xmlns=\"http:\/\/www.w3.org\/2000\/svg\">\r\n                            <path id=\"Vector 14\" d=\"M1 1L6.5 6.5L12 1\" stroke=\"#2B275C\" stroke-width=\"1.5\" \/>\r\n                        <\/svg>\r\n                    <\/div>\r\n                                                    <\/div>\r\n        <\/div>\r\n    <\/div>\r\n<\/section>\r\n<style>\r\n    .about_ecommerce_curvy1_1_2 .vermas svg path {\r\n        stroke: var(--boton-5-texto-normal);\r\n    }\r\n\r\n    .about_ecommerce_curvy1_1_2 .vermas .hide {\r\n        display: none;\r\n    }\r\n\r\n    .about_ecommerce_curvy1_1_2 .vermas.show svg {\r\n        transform: rotate(180deg);\r\n    }\r\n\r\n    .about_ecommerce_curvy1_1_2 .vermas {\r\n        display: none;\r\n        margin-top: 20px;\r\n        align-items: center;\r\n        gap: 10px;\r\n        cursor: pointer;\r\n    }\r\n\r\n    .about_ecommerce_curvy1_1_2 .vermas span {\r\n        font-weight: var(--tamano5-font-weight);\r\n        color: var(--boton-5-texto-normal);\r\n    }\r\n\r\n    .about_ecommerce_curvy1_1_2 .texto > *:not(:last-child){\r\n        padding-bottom: 20px;\r\n    }\r\n\r\n    .about_ecommerce_curvy1_1_2 h2 {\r\n        padding-bottom: 55px;\r\n        max-width: 900px;\r\n    }\r\n\r\n    .about_ecommerce_curvy1_1_2 .textos .texto {\r\n        width: 50%;\r\n    }\r\n\r\n    .about_ecommerce_curvy1_1_2 .textos {\r\n        display: flex;\r\n        gap: 30px;\r\n        max-width: 1205px;\r\n        margin: 0 auto;\r\n    }\r\n\r\n    .about_ecommerce_curvy1_1_2 {\r\n        position: relative;\r\n        background-position: center;\r\n        background-repeat: no-repeat;\r\n        background-size: cover;\r\n        padding: 81px 150px;\r\n        margin-top: -1px;\r\n    }\r\n\r\n    @media (max-width:1550px) {\r\n        .about_ecommerce_curvy1_1_2 {\r\n            padding-left: 50px;\r\n            padding-right: 50px;\r\n        }\r\n\r\n        .about_ecommerce_curvy1_1_2 .textos {\r\n            max-width: 80%;\r\n        }\r\n    }\r\n\r\n    @media (max-width:1200px) {\r\n        .about_ecommerce_curvy1_1_2 {\r\n            padding-left: 0;\r\n            padding-right: 0;\r\n        }\r\n\r\n        .about_ecommerce_curvy1_1_2 .textos {\r\n            max-width: 100%;\r\n        }\r\n    }\r\n\r\n    @media (max-width:992px) {\r\n        .about_ecommerce_curvy1_1_2 .textos {\r\n            flex-direction: column;\r\n            gap: 20px;\r\n        }\r\n\r\n        .about_ecommerce_curvy1_1_2 .textos .texto {\r\n            width: 100%;\r\n        }\r\n\r\n        .about_ecommerce_curvy1_1_2 h2 {\r\n            padding-bottom: 35px;\r\n            line-height: var(--tamano4-line-height);\r\n        }\r\n\r\n        .about_ecommerce_curvy1_1_2 {\r\n            padding: 40px 0;\r\n        }\r\n    }\r\n\r\n    @media (max-width:768px) {\r\n        .about_ecommerce_curvy1_1_2 .textos .texto:first-child p:not(:first-child),\r\n        .about_ecommerce_curvy1_1_2 .textos .texto:nth-child(2) {\r\n            display: none;\r\n        }\r\n\r\n        .about_ecommerce_curvy1_1_2 .textos .texto:first-child.show p:not(:first-child),\r\n        .about_ecommerce_curvy1_1_2 .textos .texto:nth-child(2).show {\r\n            display: block;\r\n        }\r\n\r\n        .about_ecommerce_curvy1_1_2 .vermas {\r\n            display: flex;\r\n            width: max-content;\r\n        }\r\n\r\n        .about_ecommerce_curvy1_1_2 h2 {\r\n            line-height: var(--tamano5-line-height);\r\n        }\r\n    }\r\n<\/style>\r\n<script>\r\n    jQuery('.about_ecommerce_curvy1_1_2 .vermas').on('click', function() {\r\n        if (window.matchMedia(\"(max-width: 768px)\").matches) {\r\n            jQuery('.about_ecommerce_curvy1_1_2 .texto').toggleClass('show');\r\n            jQuery('.about_ecommerce_curvy1_1_2 .vermas').toggleClass('show');\r\n            jQuery('.about_ecommerce_curvy1_1_2 .vermas span').toggleClass('hide');\r\n        }\r\n    });\r\n<\/script>\r\n\n\n<section class=\"about_ecommerce_curvy1_2_2 background-1-dark\" id=\"\" data-block-id=\"69e18d587490c69e18d587490d\" data-block-name=\"acf\/about-ecommerce-curvy1-2-2\" data-post-id=\"384\" data-stable-id=\"block_82386537dbe9681d71b39265aef89a72\">\r\n    <div class=\"container\">\r\n        <div class=\"row\">\r\n            <div class=\"col col-imagen\">\r\n                                <img decoding=\"async\" src=\"https:\/\/tatcmurcia.com\/wp-content\/uploads\/2025\/01\/Leonardo_Vision_XL_Una_moderna_y_estilizada_ilustracin_de_un_e_0.jpg\" alt=\"Ilustraci\u00f3n de gesti\u00f3n inmobiliaria segura\" title=\"Moderna ilustraci\u00f3n estilizada sobre gesti\u00f3n inmobiliaria eficaz en Espa\u00f1a\">\r\n                            <\/div>\r\n            <div class=\"col col-texto\">\r\n                                                                <h3 class=\"tamano4 color-2-headings-light\">Gesti\u00f3n Inmobiliaria en Murcia<\/h3>\r\n                                                <div class=\"texto tamano7 color-2-body-light\"><p>L\u00edderes en gesti\u00f3n de propiedades en Espa\u00f1a, garantizamos pago seguro al propietario. Ofrecemos habitaciones ideales a inquilinos en Murcia.<\/p>\n<\/div>\r\n                                                                <h3 class=\"tamano4 color-2-headings-light\">Liderazgo en gesti\u00f3n de propiedades<\/h3>\r\n                                                <div class=\"texto tamano7 color-2-body-light\"><p>En TATC Living Murcia, aseguramos pagos puntuales a propietarios cada mes, ofreciendo las mejores habitaciones para inquilinos en un entorno seguro y confiable.<\/p>\n<\/div>\r\n                                                                <h3 class=\"tamano4 color-2-headings-light\">Gesti\u00f3n Inmobiliaria en Murcia<\/h3>\r\n                                                <div class=\"texto tamano7 color-2-body-light\"><p>Con TATC Living Murcia, garantizamos el pago puntual al propietario y ofrecemos espacios excepcionales para inquilinos. Tu mejor opci\u00f3n en inmobiliaria.<\/p>\n<\/div>\r\n                                                            <\/div>\r\n        <\/div>\r\n    <\/div>\r\n<\/section>\r\n<style>\r\n    .about_ecommerce_curvy1_2_2 .row .col-texto h3 {\r\n        padding-bottom: 10px;\r\n    }\r\n\r\n    .about_ecommerce_curvy1_2_2 .row .col-texto {\r\n        max-width: 40%;\r\n        width: 100%;\r\n    }\r\n\r\n    .about_ecommerce_curvy1_2_2 .row {\r\n        display: flex;\r\n        flex-direction: row;\r\n        justify-content: space-between;\r\n        align-items: center;\r\n    }\r\n\r\n    .about_ecommerce_curvy1_2_2 .texto *:last-child {\r\n        padding-bottom: 0;\r\n    }\r\n\r\n    .about_ecommerce_curvy1_2_2 .col-imagen {\r\n        max-width: 50%;\r\n        width: 100%;\r\n    }\r\n\r\n    .about_ecommerce_curvy1_2_2 img {\r\n        width: 100%;\r\n        border-radius: 30px;\r\n    }\r\n    \r\n    .about_ecommerce_curvy1_2_2 .texto:not(:last-child) {\r\n        padding-bottom: 50px;\r\n    }\r\n\r\n    .about_ecommerce_curvy1_2_2 .texto * {\r\n        padding-bottom: 20px;\r\n    }\r\n\r\n    .about_ecommerce_curvy1_2_2 {\r\n        padding: 80px 150px;\r\n        position: relative;\r\n    }\r\n\r\n    @media (max-width:1750px) {\r\n        .about_ecommerce_curvy1_2_2 {\r\n            padding-left: 50px;\r\n            padding-right: 50px;\r\n        }\r\n    }\r\n\r\n    @media (max-width:1350px) {\r\n        .about_ecommerce_curvy1_2_2 .row .col-texto {\r\n            max-width: 50%;\r\n        }\r\n\r\n        .about_ecommerce_curvy1_2_2 {\r\n            padding-left: 0;\r\n            padding-right: 0;\r\n        }\r\n    }\r\n\r\n    @media (max-width:992px) {\r\n        .about_ecommerce_curvy1_2_2 .texto {\r\n            padding-bottom: 35px;\r\n        }\r\n\r\n        .about_ecommerce_curvy1_2_2 .row .col-texto,\r\n        .about_ecommerce_curvy1_2_2 .col-imagen {\r\n            max-width: 100%;\r\n        }\r\n\r\n        .about_ecommerce_curvy1_2_2 .row {\r\n            flex-direction: column;\r\n            gap: 35px;\r\n        }\r\n\r\n        .about_ecommerce_curvy1_2_2 .row .col-texto {\r\n            max-width: 100%;\r\n        }\r\n\r\n        .about_ecommerce_curvy1_2_2 {\r\n            padding: 40px 0;\r\n        }\r\n    }\r\n<\/style>\r\n\n\n<section class=\"cta_curvy1_3_1_2 background-1-light\" id=\"\" data-block-id=\"69e18d5876aee69e18d5876aef\" data-block-name=\"acf\/cta-curvy1-3-1-2\" data-post-id=\"384\" data-stable-id=\"block_01ef134b27ee0264dfd7674b6620ad1f\">\r\n    <div class=\"container\">\r\n        <div class=\"row\">\r\n            <div class=\"col\">\r\n                <div class=\"inner background-1-dark\">\r\n                                        <div class=\"titulo\">\r\n                        <h2 class=\"tamano3 color-2-headings-light\"><span class=\"ez-toc-section\" id=\"Tu_hogar_en_Murcia\"><\/span>Tu hogar en Murcia<span class=\"ez-toc-section-end\"><\/span><\/h2>\r\n                    <\/div>\r\n                                                            <div class=\"texto color-2-body-light tamano7\"><p>Descubre c\u00f3mo en TATC Living Murcia gestionamos tus propiedades con confianza y ofrecemos las mejores habitaciones para alquilar. \u00a1Calidad y seguridad garantizada!<\/p>\n<\/div>\r\n                                                                <div class=\"ctas\">\r\n                                                            <a href=\"#\" target=\"\" class=\"btn-round tamano-7-mediumcta color-boton-3-texto-normal color-boton-3-texto-hover color-boton-3-normal color-boton-3-hover\">\r\n    \r\n    <span>Descubre m\u00e1s<\/span>\r\n<\/a>\r\n\r\n<style>\r\n    .btn-border-rounded {\r\n        border-radius: 12px !important;\r\n    }\r\n\r\n    .btn-border-square {\r\n        border-radius: 0 !important;\r\n    }\r\n\r\n    \/* Estilos de hover *\/\r\n    .btn-hover-hover1:hover {\r\n        filter: contrast(0.55);\r\n    }\r\n\r\n    .btn-hover-hover2:hover {\r\n        filter: sepia(2);\r\n    }\r\n\r\n    \/* Estilos del icono cuando existe *\/\r\n    a i {\r\n        margin-right: 8px;\r\n        font-size: 16px;\r\n    }\r\n\r\n    \/* Icono Lucide *\/\r\n    .btn-icon--lucide {\r\n        display: inline-flex;\r\n        align-items: center;\r\n        justify-content: center;\r\n        margin-right: 8px;\r\n    }\r\n\r\n    .btn-icon--lucide svg {\r\n        width: 16px;\r\n        height: 16px;\r\n        display: block;\r\n    }\r\n<\/style>\r\n                                                    <\/div>\r\n                                    <\/div>\r\n            <\/div>\r\n        <\/div>\r\n    <\/div>\r\n<\/section>\r\n<style>\r\n    .cta_curvy1_3_1_2 .inner {\r\n        display: flex;\r\n        gap: 30px;\r\n        border-radius: 30px;\r\n        align-items: center;\r\n        padding: 55px 150px;\r\n        justify-content: space-between;\r\n    }\r\n\r\n     .cta_curvy1_3_1_2 .titulo {\r\n        max-width: 430px;\r\n        width: 100%;\r\n    }\r\n\r\n    .cta_curvy1_3_1_2 .texto {\r\n        max-width: 660px;\r\n        text-align: left;\r\n        width: 100%;\r\n    }\r\n\r\n    .cta_curvy1_3_1_2 {\r\n        padding: 80px 0;\r\n        position: relative;\r\n    }\r\n\r\n    .cta_curvy1_3_1_2 .btn-round {\r\n        border-radius: 60px;\r\n        padding: 15px 30px;\r\n        display: inline-block;\r\n        text-align: center;\r\n        transition: all ease .3s;\r\n        text-decoration: none;\r\n        min-width: 278px;\r\n        display: flex;\r\n        align-items: center;\r\n        justify-content: center;\r\n    }\r\n\r\n    @media (max-width:1750px) {\r\n        .cta_curvy1_3_1_2 .texto {\r\n            max-width: 500px;\r\n        }\r\n    }\r\n\r\n    @media (max-width:1600px) {\r\n        .cta_curvy1_3_1_2 .inner {\r\n            padding-left: 50px;\r\n            padding-right: 50px;\r\n        }\r\n    }\r\n\r\n    @media (max-width:1400px) {\r\n        .cta_curvy1_3_1_2 .texto {\r\n            max-width: 100%;\r\n        }\r\n\r\n        .cta_curvy1_3_1_2 .titulo {\r\n            width: 100%;\r\n        }\r\n    }\r\n\r\n    @media (max-width:1200px) {\r\n        .cta_curvy1_3_1_2 .inner {\r\n            padding-left: 15px;\r\n            padding-right: 15px;\r\n        }\r\n    }\r\n\r\n    @media (max-width:992px) {\r\n        .cta_curvy1_3_1_2 .col .inner {\r\n            border-radius: 30px;\r\n            flex-direction: column;\r\n            align-items: center;\r\n            justify-content: center;\r\n        }\r\n\r\n         .cta_curvy1_3_1_2 .col .inner>* {\r\n            width: 100%;\r\n            max-width: 100%;\r\n            text-align: left;\r\n        }\r\n\r\n        .cta_curvy1_3_1_2 .inner {\r\n            padding: 33px 23px;\r\n        }\r\n\r\n        .cta_curvy1_3_1_2 .col .ctas {\r\n            display: flex;\r\n            align-items: center;\r\n            justify-content: start;\r\n        }\r\n\r\n        .cta_curvy1_3_1_2 .col {\r\n            flex-direction: column;\r\n            justify-content: center;\r\n            align-items: center;\r\n        }\r\n\r\n        .cta_curvy1_3_1_2 {\r\n            padding: 40px 0;\r\n        }\r\n\r\n        .cta_curvy1_3_1_2 .btn-round {\r\n            min-width: 240px\r\n        }\r\n\r\n        .cta_curvy1_3_1_2 .titulo h2 {\r\n            line-height: var(--tamano5-line-height);\r\n        }\r\n    }\r\n<\/style>\r\n","protected":false},"excerpt":{"rendered":"","protected":false},"author":1,"featured_media":0,"parent":0,"menu_order":0,"comment_status":"open","ping_status":"closed","template":"","meta":{"_acf_changed":false,"iawp_total_views":1,"footnotes":""},"class_list":["post-384","page","type-page","status-publish","hentry"],"acf":[],"yoast_head":"<!-- This site is optimized with the Yoast SEO plugin v27.4 - https:\/\/yoast.com\/product\/yoast-seo-wordpress\/ -->\n<title>Nosotros - TATC Living Murcia<\/title>\n<meta name=\"robots\" content=\"index, follow, max-snippet:-1, max-image-preview:large, max-video-preview:-1\" \/>\n<link rel=\"canonical\" href=\"https:\/\/tatcmurcia.com\/en\/nosotros\/\" \/>\n<meta property=\"og:locale\" content=\"en_US\" \/>\n<meta property=\"og:type\" content=\"article\" \/>\n<meta property=\"og:title\" content=\"Nosotros - TATC Living Murcia\" \/>\n<meta property=\"og:url\" content=\"https:\/\/tatcmurcia.com\/en\/nosotros\/\" \/>\n<meta property=\"og:site_name\" content=\"TATC Living Murcia\" \/>\n<meta property=\"article:modified_time\" content=\"2025-03-07T17:19:40+00:00\" \/>\n<meta name=\"twitter:card\" content=\"summary_large_image\" \/>\n<!-- \/ Yoast SEO plugin. -->","yoast_head_json":{"title":"Nosotros - TATC Living Murcia","robots":{"index":"index","follow":"follow","max-snippet":"max-snippet:-1","max-image-preview":"max-image-preview:large","max-video-preview":"max-video-preview:-1"},"canonical":"https:\/\/tatcmurcia.com\/en\/nosotros\/","og_locale":"en_US","og_type":"article","og_title":"Nosotros - TATC Living Murcia","og_url":"https:\/\/tatcmurcia.com\/en\/nosotros\/","og_site_name":"TATC Living Murcia","article_modified_time":"2025-03-07T17:19:40+00:00","twitter_card":"summary_large_image","schema":{"@context":"https:\/\/schema.org","@graph":[{"@type":"WebPage","@id":"https:\/\/tatcmurcia.com\/en\/nosotros\/","url":"https:\/\/tatcmurcia.com\/en\/nosotros\/","name":"Nosotros - TATC Living Murcia","isPartOf":{"@id":"https:\/\/tatcmurcia.com\/en\/#website"},"datePublished":"2025-01-19T22:43:50+00:00","dateModified":"2025-03-07T17:19:40+00:00","breadcrumb":{"@id":"https:\/\/tatcmurcia.com\/en\/nosotros\/#breadcrumb"},"inLanguage":"en-US","potentialAction":[{"@type":"ReadAction","target":["https:\/\/tatcmurcia.com\/en\/nosotros\/"]}]},{"@type":"BreadcrumbList","@id":"https:\/\/tatcmurcia.com\/en\/nosotros\/#breadcrumb","itemListElement":[{"@type":"ListItem","position":1,"name":"Portada","item":"https:\/\/tatcmurcia.com\/en\/"},{"@type":"ListItem","position":2,"name":"Nosotros"}]},{"@type":"WebSite","@id":"https:\/\/tatcmurcia.com\/en\/#website","url":"https:\/\/tatcmurcia.com\/en\/","name":"TATC Living Murcia","description":"","potentialAction":[{"@type":"SearchAction","target":{"@type":"EntryPoint","urlTemplate":"https:\/\/tatcmurcia.com\/en\/?s={search_term_string}"},"query-input":{"@type":"PropertyValueSpecification","valueRequired":true,"valueName":"search_term_string"}}],"inLanguage":"en-US"}]}},"_links":{"self":[{"href":"https:\/\/tatcmurcia.com\/en\/wp-json\/wp\/v2\/pages\/384","targetHints":{"allow":["GET"]}}],"collection":[{"href":"https:\/\/tatcmurcia.com\/en\/wp-json\/wp\/v2\/pages"}],"about":[{"href":"https:\/\/tatcmurcia.com\/en\/wp-json\/wp\/v2\/types\/page"}],"author":[{"embeddable":true,"href":"https:\/\/tatcmurcia.com\/en\/wp-json\/wp\/v2\/users\/1"}],"replies":[{"embeddable":true,"href":"https:\/\/tatcmurcia.com\/en\/wp-json\/wp\/v2\/comments?post=384"}],"version-history":[{"count":4,"href":"https:\/\/tatcmurcia.com\/en\/wp-json\/wp\/v2\/pages\/384\/revisions"}],"predecessor-version":[{"id":784,"href":"https:\/\/tatcmurcia.com\/en\/wp-json\/wp\/v2\/pages\/384\/revisions\/784"}],"wp:attachment":[{"href":"https:\/\/tatcmurcia.com\/en\/wp-json\/wp\/v2\/media?parent=384"}],"curies":[{"name":"wp","href":"https:\/\/api.w.org\/{rel}","templated":true}]}}